{"id":685,"date":"2018-07-25T15:06:42","date_gmt":"2018-07-25T18:06:42","guid":{"rendered":"https:\/\/ipelnivelsuperior-ers.infd.edu.ar\/sitio\/?page_id=685"},"modified":"2025-03-17T11:26:19","modified_gmt":"2025-03-17T14:26:19","slug":"autoridades","status":"publish","type":"page","link":"https:\/\/ipelnivelsuperior-ers.infd.edu.ar\/sitio\/institucional\/autoridades\/","title":{"rendered":"Equipo Directivo"},"content":{"rendered":"<h4>APODERADOS LEGALES:<\/h4>\n<p>Jos\u00e9 Carlos Badano &#8211; Gloria Mar\u00eda Chiardola<\/p>\n<p><strong>RECTORA:\u00a0<\/strong><\/p>\n<p>Ma. Luz Dettler Yugdar<\/p>\n<p><strong>SECRETARIA:\u00a0<\/strong><\/p>\n<p>Celia Presa<\/p>\n<p><strong>PRECEPTORA:\u00a0<\/strong><\/p>\n<p>Ma. Noel Milone<\/p>\n<h4>COORDINADORA DE PR\u00c1CTICAS:<\/h4>\n<p>Mar\u00eda de los \u00c1ngeles Vicario<\/p>\n","protected":false},"excerpt":{"rendered":"<p>APODERADOS LEGALES: Jos\u00e9 Carlos Badano &#8211; Gloria Mar\u00eda Chiardola RECTORA:\u00a0 Ma. Luz Dettler Yugdar SECRETARIA:\u00a0 Celia Presa PRECEPTORA:\u00a0 Ma. Noel Milone COORDINADORA DE PR\u00c1CTICAS: Mar\u00eda de los \u00c1ngeles Vicario<\/p>\n","protected":false},"author":6,"featured_media":0,"parent":683,"menu_order":0,"comment_status":"closed","ping_status":"closed","template":"","meta":[],"acf":[],"_links":{"self":[{"href":"https:\/\/ipelnivelsuperior-ers.infd.edu.ar\/sitio\/wp-json\/wp\/v2\/pages\/685"}],"collection":[{"href":"https:\/\/ipelnivelsuperior-ers.infd.edu.ar\/sitio\/wp-json\/wp\/v2\/pages"}],"about":[{"href":"https:\/\/ipelnivelsuperior-ers.infd.edu.ar\/sitio\/wp-json\/wp\/v2\/types\/page"}],"author":[{"embeddable":true,"href":"https:\/\/ipelnivelsuperior-ers.infd.edu.ar\/sitio\/wp-json\/wp\/v2\/users\/6"}],"replies":[{"embeddable":true,"href":"https:\/\/ipelnivelsuperior-ers.infd.edu.ar\/sitio\/wp-json\/wp\/v2\/comments?post=685"}],"version-history":[{"count":10,"href":"https:\/\/ipelnivelsuperior-ers.infd.edu.ar\/sitio\/wp-json\/wp\/v2\/pages\/685\/revisions"}],"predecessor-version":[{"id":1121,"href":"https:\/\/ipelnivelsuperior-ers.infd.edu.ar\/sitio\/wp-json\/wp\/v2\/pages\/685\/revisions\/1121"}],"up":[{"embeddable":true,"href":"https:\/\/ipelnivelsuperior-ers.infd.edu.ar\/sitio\/wp-json\/wp\/v2\/pages\/683"}],"wp:attachment":[{"href":"https:\/\/ipelnivelsuperior-ers.infd.edu.ar\/sitio\/wp-json\/wp\/v2\/media?parent=685"}],"curies":[{"name":"wp","href":"https:\/\/api.w.org\/{rel}","templated":true}]}}