{"id":734,"date":"2018-07-26T10:49:22","date_gmt":"2018-07-26T13:49:22","guid":{"rendered":"https:\/\/ipelnivelsuperior-ers.infd.edu.ar\/sitio\/?page_id=734"},"modified":"2020-09-21T15:30:52","modified_gmt":"2020-09-21T18:30:52","slug":"plan-de-estudio","status":"publish","type":"page","link":"https:\/\/ipelnivelsuperior-ers.infd.edu.ar\/sitio\/catalogo\/plan-de-estudio\/","title":{"rendered":"Formaci\u00f3n Docente"},"content":{"rendered":"<h4>Profesorado de Educaci\u00f3n Inicial<\/h4>\n<ul>\n<li>\n<pre><a href=\"https:\/\/ipelnivelsuperior-ers.infd.edu.ar\/sitio\/acerca-de-la-carrera\/\">Acerca de la carrera<\/a><\/pre>\n<\/li>\n<li>\n<pre><a href=\"https:\/\/ipelnivelsuperior-ers.infd.edu.ar\/sitio\/plan-de-estudios\/\">Plan de estudios<\/a><\/pre>\n<\/li>\n<li>\n<pre><a href=\"https:\/\/ipelnivelsuperior-ers.infd.edu.ar\/sitio\/perfil-del-egresado\/\">Perfil del Egresado<\/a><\/pre>\n<\/li>\n<\/ul>\n<h4>Profesorado de Educaci\u00f3n Secundaria en Econom\u00eda<\/h4>\n<ul>\n<li>\n<pre><a href=\"https:\/\/ipelnivelsuperior-ers.infd.edu.ar\/sitio\/acerca-de-la-carrera-2\/\">Acerca de la carrera<\/a><\/pre>\n<\/li>\n<li>\n<pre><a href=\"https:\/\/ipelnivelsuperior-ers.infd.edu.ar\/sitio\/plan-de-estudios-2\/\">Plan de estudios<\/a><\/pre>\n<\/li>\n<li>\n<pre><a href=\"https:\/\/ipelnivelsuperior-ers.infd.edu.ar\/sitio\/perfil-del-egresado-2\/\">Perfil del Egresado<\/a><\/pre>\n<\/li>\n<\/ul>\n","protected":false},"excerpt":{"rendered":"<p>Profesorado de Educaci\u00f3n Inicial Acerca de la carrera Plan de estudios Perfil del Egresado Profesorado de Educaci\u00f3n Secundaria en Econom\u00eda Acerca de la carrera Plan de estudios Perfil del Egresado<\/p>\n","protected":false},"author":6,"featured_media":0,"parent":644,"menu_order":0,"comment_status":"closed","ping_status":"closed","template":"","meta":[],"acf":[],"_links":{"self":[{"href":"https:\/\/ipelnivelsuperior-ers.infd.edu.ar\/sitio\/wp-json\/wp\/v2\/pages\/734"}],"collection":[{"href":"https:\/\/ipelnivelsuperior-ers.infd.edu.ar\/sitio\/wp-json\/wp\/v2\/pages"}],"about":[{"href":"https:\/\/ipelnivelsuperior-ers.infd.edu.ar\/sitio\/wp-json\/wp\/v2\/types\/page"}],"author":[{"embeddable":true,"href":"https:\/\/ipelnivelsuperior-ers.infd.edu.ar\/sitio\/wp-json\/wp\/v2\/users\/6"}],"replies":[{"embeddable":true,"href":"https:\/\/ipelnivelsuperior-ers.infd.edu.ar\/sitio\/wp-json\/wp\/v2\/comments?post=734"}],"version-history":[{"count":13,"href":"https:\/\/ipelnivelsuperior-ers.infd.edu.ar\/sitio\/wp-json\/wp\/v2\/pages\/734\/revisions"}],"predecessor-version":[{"id":839,"href":"https:\/\/ipelnivelsuperior-ers.infd.edu.ar\/sitio\/wp-json\/wp\/v2\/pages\/734\/revisions\/839"}],"up":[{"embeddable":true,"href":"https:\/\/ipelnivelsuperior-ers.infd.edu.ar\/sitio\/wp-json\/wp\/v2\/pages\/644"}],"wp:attachment":[{"href":"https:\/\/ipelnivelsuperior-ers.infd.edu.ar\/sitio\/wp-json\/wp\/v2\/media?parent=734"}],"curies":[{"name":"wp","href":"https:\/\/api.w.org\/{rel}","templated":true}]}}